{"id":111,"date":"2022-08-30T21:53:13","date_gmt":"2022-08-30T19:53:13","guid":{"rendered":"http:\/\/lesalondelorehette.fr\/?page_id=111"},"modified":"2023-06-11T17:33:29","modified_gmt":"2023-06-11T15:33:29","slug":"a-propos","status":"publish","type":"page","link":"https:\/\/lesalondelorehette.fr\/index.php\/a-propos\/","title":{"rendered":"A propos"},"content":{"rendered":"\t\t<div data-elementor-type=\"wp-page\" data-elementor-id=\"111\" class=\"elementor elementor-111\">\n\t\t\t\t\t\t<section class=\"elementor-section elementor-top-section elementor-element elementor-element-1640eff elementor-section-boxed elementor-section-height-default elementor-section-height-default\" data-id=\"1640eff\" data-element_type=\"section\" data-e-type=\"section\">\n\t\t\t\t\t\t<div class=\"elementor-container elementor-column-gap-default\">\n\t\t\t\t\t<div class=\"elementor-column elementor-col-100 elementor-top-column elementor-element elementor-element-4b42388\" data-id=\"4b42388\" data-element_type=\"column\" data-e-type=\"column\">\n\t\t\t<div class=\"elementor-widget-wrap elementor-element-populated\">\n\t\t\t\t\t\t<div class=\"elementor-element elementor-element-2ba2840 elementor-widget elementor-widget-image\" data-id=\"2ba2840\" data-element_type=\"widget\" data-e-type=\"widget\" data-widget_type=\"image.default\">\n\t\t\t\t<div class=\"elementor-widget-container\">\n\t\t\t\t\t\t\t\t\t\t\t\t\t\t\t<img fetchpriority=\"high\" decoding=\"async\" width=\"768\" height=\"192\" src=\"https:\/\/lesalondelorehette.fr\/wp-content\/uploads\/2022\/12\/laure-raconte-1-768x192.png\" class=\"attachment-medium_large size-medium_large wp-image-301\" alt=\"\" srcset=\"https:\/\/lesalondelorehette.fr\/wp-content\/uploads\/2022\/12\/laure-raconte-1-768x192.png 768w, https:\/\/lesalondelorehette.fr\/wp-content\/uploads\/2022\/12\/laure-raconte-1-300x75.png 300w, https:\/\/lesalondelorehette.fr\/wp-content\/uploads\/2022\/12\/laure-raconte-1-1024x256.png 1024w, https:\/\/lesalondelorehette.fr\/wp-content\/uploads\/2022\/12\/laure-raconte-1-1536x384.png 1536w, https:\/\/lesalondelorehette.fr\/wp-content\/uploads\/2022\/12\/laure-raconte-1-583x146.png 583w, https:\/\/lesalondelorehette.fr\/wp-content\/uploads\/2022\/12\/laure-raconte-1.png 1584w\" sizes=\"(max-width: 768px) 100vw, 768px\" \/>\t\t\t\t\t\t\t\t\t\t\t\t\t\t\t<\/div>\n\t\t\t\t<\/div>\n\t\t\t\t\t<\/div>\n\t\t<\/div>\n\t\t\t\t\t<\/div>\n\t\t<\/section>\n\t\t\t\t<section class=\"elementor-section elementor-top-section elementor-element elementor-element-aa9fda9 elementor-section-boxed elementor-section-height-default elementor-section-height-default\" data-id=\"aa9fda9\" data-element_type=\"section\" data-e-type=\"section\">\n\t\t\t\t\t\t<div class=\"elementor-container elementor-column-gap-default\">\n\t\t\t\t\t<div class=\"elementor-column elementor-col-33 elementor-top-column elementor-element elementor-element-35dd364\" data-id=\"35dd364\" data-element_type=\"column\" data-e-type=\"column\">\n\t\t\t<div class=\"elementor-widget-wrap elementor-element-populated\">\n\t\t\t\t\t\t<div class=\"elementor-element elementor-element-5047d55 elementor-widget elementor-widget-image\" data-id=\"5047d55\" data-element_type=\"widget\" data-e-type=\"widget\" data-widget_type=\"image.default\">\n\t\t\t\t<div class=\"elementor-widget-container\">\n\t\t\t\t\t\t\t\t\t\t\t\t\t\t\t<img decoding=\"async\" width=\"576\" height=\"1024\" src=\"https:\/\/lesalondelorehette.fr\/wp-content\/uploads\/2022\/12\/SITE-A-PROPOS-576x1024.png\" class=\"attachment-large size-large wp-image-294\" alt=\"\" srcset=\"https:\/\/lesalondelorehette.fr\/wp-content\/uploads\/2022\/12\/SITE-A-PROPOS-576x1024.png 576w, https:\/\/lesalondelorehette.fr\/wp-content\/uploads\/2022\/12\/SITE-A-PROPOS-169x300.png 169w, https:\/\/lesalondelorehette.fr\/wp-content\/uploads\/2022\/12\/SITE-A-PROPOS-768x1365.png 768w, https:\/\/lesalondelorehette.fr\/wp-content\/uploads\/2022\/12\/SITE-A-PROPOS-864x1536.png 864w, https:\/\/lesalondelorehette.fr\/wp-content\/uploads\/2022\/12\/SITE-A-PROPOS.png 1080w\" sizes=\"(max-width: 576px) 100vw, 576px\" \/>\t\t\t\t\t\t\t\t\t\t\t\t\t\t\t<\/div>\n\t\t\t\t<\/div>\n\t\t\t\t\t<\/div>\n\t\t<\/div>\n\t\t\t\t<div class=\"elementor-column elementor-col-66 elementor-top-column elementor-element elementor-element-3b530f4\" data-id=\"3b530f4\" data-element_type=\"column\" data-e-type=\"column\">\n\t\t\t<div class=\"elementor-widget-wrap elementor-element-populated\">\n\t\t\t\t\t\t<div class=\"elementor-element elementor-element-52041ca elementor-widget elementor-widget-text-editor\" data-id=\"52041ca\" data-element_type=\"widget\" data-e-type=\"widget\" data-widget_type=\"text-editor.default\">\n\t\t\t\t<div class=\"elementor-widget-container\">\n\t\t\t\t\t\t\t\t\t<p style=\"font-family: Roboto, sans-serif; font-size: 18px; font-style: normal; font-variant-caps: normal; text-indent: 0px; caret-color: #000000; color: #000000; text-align: justify;\">Avec plus de 22 ans d&rsquo;exp\u00e9rience dans le domaine de la coiffure, dont 5 ann\u00e9es en tant que Manager d&rsquo;un salon de coiffure franchis\u00e9, j&rsquo;ai pris la d\u00e9cision de prendre mon envol et de me mettre \u00e0 mon compte.<\/p>\n<p style=\"font-family: Roboto, sans-serif; font-size: 18px; font-style: normal; font-variant-caps: normal; text-indent: 0px; caret-color: #000000; color: #000000; text-align: justify;\">Cette d\u00e9cision a \u00e9t\u00e9 rythm\u00e9e par l&rsquo;envie et le besoin de prendre le temps de satisfaire mes client(e)s en \u00e9coutant leurs envies et besoins.&nbsp;<strong>Votre satisfaction est ma priorit\u00e9 !&nbsp;<\/strong><\/p>\n<p style=\"font-family: Roboto, sans-serif; font-size: 18px; font-style: normal; font-variant-caps: normal; text-indent: 0px; caret-color: #000000; color: #000000; text-align: justify;\">Apr\u00e8s plusieurs mois \u00e0 vous chouchouter dans mon salon \u00e0 Secondigny (79130), j&rsquo;ai voulu me challenger. Ma passion puissante pour&nbsp;<span style=\"text-align: inherit; text-indent: 0em;\">mon m\u00e9tier me pousse \u00e0 le faire \u00e9voluer sous une autre dimension.&nbsp;<\/span><\/p>\n<p style=\"font-family: Roboto, sans-serif; font-size: 18px; font-style: normal; font-variant-caps: normal; text-indent: 0px; caret-color: #000000; color: #000000; text-align: justify;\"><strong>Un salon de coiffure itin\u00e9rant&#8230; Mais pourquoi pas ? &nbsp;<\/strong><\/p>\n<p style=\"font-family: Roboto, sans-serif; font-size: 18px; font-style: normal; font-variant-caps: normal; text-indent: 0px; caret-color: #000000; color: #000000; text-align: justify;\"><span style=\"text-indent: 0em; text-align: inherit;\">Voici venu le temps de voler de mes propres ailes avec cette grande envie de mobilit\u00e9, mais aussi d\u2019humanit\u00e9. Welcome to le camion de l&rsquo;Ore Hette !&nbsp;<\/span><\/p>\n<p style=\"font-family: Roboto, sans-serif; font-size: 18px; font-style: normal; font-variant-caps: normal; text-indent: 0px; caret-color: #000000; color: #000000; text-align: justify;\"><span style=\"text-indent: 0em; text-align: inherit;\">Un camion itin\u00e9rant qui se d\u00e9place dans un rayon de 20 kms autour de&nbsp;Secondigny avec comme envie d&rsquo;apporter un service de proximit\u00e9,&nbsp;<\/span><span style=\"font-family: Roboto, sans-serif; font-size: 16px; font-style: normal; font-variant-caps: normal; text-align: inherit;\">du bien-\u00eatre \u00e0 une population fortement d\u00e9stabilis\u00e9e par la crise sanitaire et<\/span><span style=\"text-align: inherit; text-indent: 0em;\">&nbsp;de renforcer le lien social.&nbsp;<\/span><\/p>\n<p style=\"font-family: Roboto, sans-serif; font-size: 18px; font-style: normal; font-variant-caps: normal; text-indent: 0px; caret-color: #000000; color: #000000; text-align: justify;\">En esp\u00e9rant vous voir bient\u00f4t dans mon salon ou dans mon camion !<\/p>\n<p style=\"font-family: Roboto, sans-serif; font-size: 18px; font-style: normal; font-variant-caps: normal; text-indent: 0px; caret-color: #000000; color: #000000; text-align: justify;\"><strong>L&rsquo;Ore Hette \u2728<\/strong><\/p>\t\t\t\t\t\t\t\t<\/div>\n\t\t\t\t<\/div>\n\t\t\t\t\t<\/div>\n\t\t<\/div>\n\t\t\t\t\t<\/div>\n\t\t<\/section>\n\t\t\t\t<section class=\"elementor-section elementor-top-section elementor-element elementor-element-397678e elementor-section-boxed elementor-section-height-default elementor-section-height-default\" data-id=\"397678e\" data-element_type=\"section\" data-e-type=\"section\">\n\t\t\t\t\t\t<div class=\"elementor-container elementor-column-gap-default\">\n\t\t\t\t\t<div class=\"elementor-column elementor-col-100 elementor-top-column elementor-element elementor-element-7590dbd\" data-id=\"7590dbd\" data-element_type=\"column\" data-e-type=\"column\">\n\t\t\t<div class=\"elementor-widget-wrap elementor-element-populated\">\n\t\t\t\t\t\t<div class=\"elementor-element elementor-element-7e66933 elementor-widget-divider--view-line elementor-widget elementor-widget-divider\" data-id=\"7e66933\" data-element_type=\"widget\" data-e-type=\"widget\" data-widget_type=\"divider.default\">\n\t\t\t\t<div class=\"elementor-widget-container\">\n\t\t\t\t\t\t\t<div class=\"elementor-divider\">\n\t\t\t<span class=\"elementor-divider-separator\">\n\t\t\t\t\t\t<\/span>\n\t\t<\/div>\n\t\t\t\t\t\t<\/div>\n\t\t\t\t<\/div>\n\t\t\t\t\t<\/div>\n\t\t<\/div>\n\t\t\t\t\t<\/div>\n\t\t<\/section>\n\t\t\t\t<section class=\"elementor-section elementor-top-section elementor-element elementor-element-7a2f4383 elementor-section-content-middle elementor-section-boxed elementor-section-height-default elementor-section-height-default\" data-id=\"7a2f4383\" data-element_type=\"section\" data-e-type=\"section\" data-settings=\"{&quot;background_background&quot;:&quot;classic&quot;}\">\n\t\t\t\t\t\t<div class=\"elementor-container elementor-column-gap-no\">\n\t\t\t\t\t<div class=\"elementor-column elementor-col-100 elementor-top-column elementor-element elementor-element-ae1093b\" data-id=\"ae1093b\" data-element_type=\"column\" data-e-type=\"column\">\n\t\t\t<div class=\"elementor-widget-wrap elementor-element-populated\">\n\t\t\t\t\t\t<div class=\"elementor-element elementor-element-405eb882 elementor-widget elementor-widget-heading\" data-id=\"405eb882\" data-element_type=\"widget\" data-e-type=\"widget\" data-widget_type=\"heading.default\">\n\t\t\t\t<div class=\"elementor-widget-container\">\n\t\t\t\t\t<h6 class=\"elementor-heading-title elementor-size-default\">RESTONS EN Contact<\/h6>\t\t\t\t<\/div>\n\t\t\t\t<\/div>\n\t\t\t\t<div class=\"elementor-element elementor-element-6568d3e0 elementor-widget elementor-widget-heading\" data-id=\"6568d3e0\" data-element_type=\"widget\" data-e-type=\"widget\" data-widget_type=\"heading.default\">\n\t\t\t\t<div class=\"elementor-widget-container\">\n\t\t\t\t\t<h6 class=\"elementor-heading-title elementor-size-default\">06.22.56.85.53<br>laure.baribault@gmail.com<\/h6>\t\t\t\t<\/div>\n\t\t\t\t<\/div>\n\t\t\t\t<div class=\"elementor-element elementor-element-4456fda7 elementor-widget elementor-widget-heading\" data-id=\"4456fda7\" data-element_type=\"widget\" data-e-type=\"widget\" data-widget_type=\"heading.default\">\n\t\t\t\t<div class=\"elementor-widget-container\">\n\t\t\t\t\t<h3 class=\"elementor-heading-title elementor-size-default\">Lieu-dit Le Pin, 79130 Secondigny<\/h3>\t\t\t\t<\/div>\n\t\t\t\t<\/div>\n\t\t\t\t<div class=\"elementor-element elementor-element-715ec2de elementor-widget elementor-widget-google_maps\" data-id=\"715ec2de\" data-element_type=\"widget\" data-e-type=\"widget\" data-widget_type=\"google_maps.default\">\n\t\t\t\t<div class=\"elementor-widget-container\">\n\t\t\t\t\t\t\t<div class=\"elementor-custom-embed\">\n\t\t\t<iframe loading=\"lazy\"\n\t\t\t\t\tsrc=\"https:\/\/maps.google.com\/maps?q=Lieu-dit%20Le%20Pin%2C%2079130%20Secondigny&#038;t=m&#038;z=20&#038;output=embed&#038;iwloc=near\"\n\t\t\t\t\ttitle=\"Lieu-dit Le Pin, 79130 Secondigny\"\n\t\t\t\t\taria-label=\"Lieu-dit Le Pin, 79130 Secondigny\"\n\t\t\t><\/iframe>\n\t\t<\/div>\n\t\t\t\t\t\t<\/div>\n\t\t\t\t<\/div>\n\t\t\t\t<div class=\"elementor-element elementor-element-677e3f07 elementor-shape-rounded elementor-grid-0 e-grid-align-center elementor-widget elementor-widget-social-icons\" data-id=\"677e3f07\" data-element_type=\"widget\" data-e-type=\"widget\" data-widget_type=\"social-icons.default\">\n\t\t\t\t<div class=\"elementor-widget-container\">\n\t\t\t\t\t\t\t<div class=\"elementor-social-icons-wrapper elementor-grid\" role=\"list\">\n\t\t\t\t\t\t\t<span class=\"elementor-grid-item\" role=\"listitem\">\n\t\t\t\t\t<a class=\"elementor-icon elementor-social-icon elementor-social-icon-facebook-f elementor-animation-grow elementor-repeater-item-9c86cde\" href=\"https:\/\/www.facebook.com\/LesalondelOreHette\" target=\"_blank\" rel=\"noopener\">\n\t\t\t\t\t\t<span class=\"elementor-screen-only\">Facebook-f<\/span>\n\t\t\t\t\t\t<i aria-hidden=\"true\" class=\"fab fa-facebook-f\"><\/i>\t\t\t\t\t<\/a>\n\t\t\t\t<\/span>\n\t\t\t\t\t\t\t<span class=\"elementor-grid-item\" role=\"listitem\">\n\t\t\t\t\t<a class=\"elementor-icon elementor-social-icon elementor-social-icon-google-plus-g elementor-animation-grow elementor-repeater-item-7e1d56b\" href=\"https:\/\/g.page\/r\/CfN2DaMU-o20EB0\/review\" target=\"_blank\">\n\t\t\t\t\t\t<span class=\"elementor-screen-only\">Google-plus-g<\/span>\n\t\t\t\t\t\t<i aria-hidden=\"true\" class=\"fab fa-google-plus-g\"><\/i>\t\t\t\t\t<\/a>\n\t\t\t\t<\/span>\n\t\t\t\t\t<\/div>\n\t\t\t\t\t\t<\/div>\n\t\t\t\t<\/div>\n\t\t\t\t\t<\/div>\n\t\t<\/div>\n\t\t\t\t\t<\/div>\n\t\t<\/section>\n\t\t\t\t<\/div>\n\t\t","protected":false},"excerpt":{"rendered":"<p>Avec plus de 22 ans d&rsquo;exp\u00e9rience dans le domaine de la coiffure, dont 5 ann\u00e9es en tant que Manager d&rsquo;un salon de coiffure franchis\u00e9, j&rsquo;ai &hellip;<\/p>\n","protected":false},"author":1,"featured_media":291,"parent":0,"menu_order":2,"comment_status":"closed","ping_status":"closed","template":"","meta":{"_mi_skip_tracking":false,"footnotes":""},"class_list":["post-111","page","type-page","status-publish","has-post-thumbnail","hentry"],"_links":{"self":[{"href":"https:\/\/lesalondelorehette.fr\/index.php\/wp-json\/wp\/v2\/pages\/111","targetHints":{"allow":["GET"]}}],"collection":[{"href":"https:\/\/lesalondelorehette.fr\/index.php\/wp-json\/wp\/v2\/pages"}],"about":[{"href":"https:\/\/lesalondelorehette.fr\/index.php\/wp-json\/wp\/v2\/types\/page"}],"author":[{"embeddable":true,"href":"https:\/\/lesalondelorehette.fr\/index.php\/wp-json\/wp\/v2\/users\/1"}],"replies":[{"embeddable":true,"href":"https:\/\/lesalondelorehette.fr\/index.php\/wp-json\/wp\/v2\/comments?post=111"}],"version-history":[{"count":79,"href":"https:\/\/lesalondelorehette.fr\/index.php\/wp-json\/wp\/v2\/pages\/111\/revisions"}],"predecessor-version":[{"id":1069,"href":"https:\/\/lesalondelorehette.fr\/index.php\/wp-json\/wp\/v2\/pages\/111\/revisions\/1069"}],"wp:featuredmedia":[{"embeddable":true,"href":"https:\/\/lesalondelorehette.fr\/index.php\/wp-json\/wp\/v2\/media\/291"}],"wp:attachment":[{"href":"https:\/\/lesalondelorehette.fr\/index.php\/wp-json\/wp\/v2\/media?parent=111"}],"curies":[{"name":"wp","href":"https:\/\/api.w.org\/{rel}","templated":true}]}}